{"id":2053,"date":"2024-08-15T09:33:17","date_gmt":"2024-08-15T09:33:17","guid":{"rendered":"https:\/\/dd-qa.com\/?post_type=product&#038;p=2053"},"modified":"2024-08-22T10:06:32","modified_gmt":"2024-08-22T10:06:32","slug":"imou-looc-wi-fi-security-camera","status":"publish","type":"product","link":"https:\/\/dd-qa.com\/en\/product\/imou-looc-wi-fi-security-camera\/","title":{"rendered":"Imou Looc Wi-Fi Security Camera"},"content":{"rendered":"<table class=\"specs-table\">\n<tbody>\n<tr>\n<td>Brand :<\/td>\n<td>Imou<\/td>\n<\/tr>\n<tr>\n<td>Type :<\/td>\n<td>Wi-Fi Security Camera<\/td>\n<\/tr>\n<tr>\n<td>Camera :<\/td>\n<td>1\/2.7\u201d 2 Megapixel Progressive CMOS &#8211; 2MP(1920 x 1080) &#8211; Night Vision: 10m(33ft) Distance \/ 2.8mm Fixed Lens &#8211; Field of View: 111\u00b0(H), 58\u00b0(V), 133\u00b0(D)<\/td>\n<\/tr>\n<tr>\n<td>Network :<\/td>\n<td>Wi-Fi: IEEE802.11b\/g\/n, 100m Open Field &#8211; Internal Dual Antennas, 2 x 2 MIMO &#8211; ONVIF Profile S, CGI &#8211; Imou Life App: iOS, Android<\/td>\n<\/tr>\n<tr>\n<td>Video &amp; Audio :<\/td>\n<td>Video Compression: H.265\/H.264 &#8211; Up to 25\/30fps Frame Rate &#8211; 16x Digital Zoom &#8211; Built-in Mic &amp; Speaker, 110dB Siren &#8211; Built-in Spotlight<\/td>\n<\/tr>\n<tr>\n<td>Auxiliary Interface :<\/td>\n<td>Micro SD Card Slot (up to 128GB) &#8211; Reset\/WPS Button<\/td>\n<\/tr>\n<tr>\n<td>Notice Management :<\/td>\n<td>Motion Detection &#8211; PIR Detection &#8211; Configurable Region<\/td>\n<\/tr>\n<tr>\n<td>General :<\/td>\n<td>DC 5V2A Power Supply &#8211; Power Consumption \u2264 6W &#8211; Working Environment: -20\u00b0C to +50\u00b0C, Less Than 95%RH &#8211; IP65 Weatherproof &#8211; Dimensions: 75 \u00d7 84\u00d7 97.7mm (2.95 \u00d7 3.3 \u00d7 3.8inch) &#8211; Weight: 308g (0.68lb) &#8211;<\/td>\n<\/tr>\n<\/tbody>\n<\/table>","protected":false},"excerpt":{"rendered":"<ul>\n<li>\u0643\u0627\u0645\u064a\u0631\u0627 \u062c\u062f\u0627\u0631\u064a\u0629 \u0645\u0646 \u0634\u0631\u0643\u0629 \u0627\u064a\u0645\u0648<\/li>\n<li>\u062f\u0642\u0629 2 \u0645\u064a\u063a\u0627 \u0628\u064a\u0643\u0633\u0644\u00a0 \u0648\u062a\u0635\u0648\u064a\u0631 1920 x 1080<\/li>\n<li>\u062d\u0633\u0627\u0633 \u062d\u0631\u0643\u0629 \u0648\u062a\u0633\u062c\u064a\u0644 \u0639\u0628\u0631 \u0627\u0644\u0643\u0644\u0627\u0648\u062f<\/li>\n<li>\u0644\u0627\u064a\u0645\u0643\u0646 \u0627\u0631\u062c\u0627\u0639 \u0627\u0644\u0645\u0646\u062a\u062c \u0628\u0639\u062f \u0641\u062a\u062d\u0647<\/li>\n<li>\u064a\u0631\u062c\u0649 \u0645\u0631\u0627\u062c\u0639\u0629 \u0627\u0644\u0634\u0631\u0648\u0637 \u0648\u0627\u0644\u0623\u062d\u0643\u0627\u0645 \u0644\u062e\u062f\u0645\u0627\u062a \u0627\u0644\u062a\u0628\u062f\u064a\u0644 \u0648\u0627\u0644\u0627\u0631\u062c\u0627\u0639<\/li>\n<li>\u0644\u0644\u0645\u0632\u064a\u062f \u0639\u0646 \u062a\u0641\u0627\u0635\u064a\u0644 \u0627\u0644\u0645\u0646\u062a\u062c \u064a\u0631\u062c\u0649 \u0642\u0631\u0627\u0626\u0629 \u0627\u0644\u0648\u0635\u0641 \u0627\u0648 \u0627\u0644\u0636\u063a\u0637 \u0639\u0644\u0649 \u0627\u0644\u0631\u0627\u0628\u0637 \u0623\u062f\u0646\u0627\u0647<\/li>\n<li><a href=\"https:\/\/www.amazon.com\/Imou-LOOC-Resistant-Deterrence-Surveillance\/dp\/B08B5ZN4XJ\"> Imou LOOC: Weather Resistant Outdoor Security Camera<\/a><\/li>\n<\/ul>","protected":false},"featured_media":2054,"template":"","meta":[],"product_brand":[],"product_cat":[37],"product_tag":[],"class_list":{"0":"post-2053","1":"product","2":"type-product","3":"status-publish","4":"has-post-thumbnail","6":"product_cat-cameras","8":"first","9":"outofstock","10":"shipping-taxable","11":"purchasable","12":"product-type-simple"},"_links":{"self":[{"href":"https:\/\/dd-qa.com\/en\/wp-json\/wp\/v2\/product\/2053","targetHints":{"allow":["GET"]}}],"collection":[{"href":"https:\/\/dd-qa.com\/en\/wp-json\/wp\/v2\/product"}],"about":[{"href":"https:\/\/dd-qa.com\/en\/wp-json\/wp\/v2\/types\/product"}],"wp:featuredmedia":[{"embeddable":true,"href":"https:\/\/dd-qa.com\/en\/wp-json\/wp\/v2\/media\/2054"}],"wp:attachment":[{"href":"https:\/\/dd-qa.com\/en\/wp-json\/wp\/v2\/media?parent=2053"}],"wp:term":[{"taxonomy":"product_brand","embeddable":true,"href":"https:\/\/dd-qa.com\/en\/wp-json\/wp\/v2\/product_brand?post=2053"},{"taxonomy":"product_cat","embeddable":true,"href":"https:\/\/dd-qa.com\/en\/wp-json\/wp\/v2\/product_cat?post=2053"},{"taxonomy":"product_tag","embeddable":true,"href":"https:\/\/dd-qa.com\/en\/wp-json\/wp\/v2\/product_tag?post=2053"}],"curies":[{"name":"wp","href":"https:\/\/api.w.org\/{rel}","templated":true}]}}